{"id":12713,"date":"2018-09-23T14:48:29","date_gmt":"2018-09-23T14:48:29","guid":{"rendered":"http:\/\/applift2.scgtesting.com\/?page_id=12713"},"modified":"2018-10-02T04:59:21","modified_gmt":"2018-10-02T04:59:21","slug":"estudio-criativo","status":"publish","type":"page","link":"http:\/\/applift.sohocreative.eu\/pt-br\/solutions\/estudio-criativo","title":{"rendered":"Est\u00fadio Criativo"},"content":{"rendered":"<section class=\"wpb-content-wrapper\"><p>[vc_row full_width=&#8221;stretch_row_content_no_spaces&#8221; full_height=&#8221;yes&#8221; equal_height=&#8221;yes&#8221; apress_enable_separator=&#8221;&#8221; apress_enable_row_overlay=&#8221;yes&#8221; apress_row_overlay_color=&#8221;rgba(0,0,0,0.7)&#8221; bg_type=&#8221;image&#8221; parallax_style=&#8221;vcpb-vz-jquery&#8221; bg_image_new=&#8221;id^10664|url^http:\/\/applift.sohocreative.eu\/wp-content\/uploads\/2018\/08\/iStock-539442886.jpg|caption^null|alt^null|title^iStock-539442886|description^null&#8221; css=&#8221;.vc_custom_1538456355368{background-color: #eaeaea !important;background-position: center !important;background-repeat: no-repeat !important;background-size: cover !important;}&#8221;][vc_column parallax=&#8221;content-moving&#8221; css_animation=&#8221;none&#8221; width=&#8221;1\/6&#8243; apress_parallax_type=&#8221;foreground&#8221; apress_parallax_speed=&#8221;2&#8243;][\/vc_column][vc_column width=&#8221;2\/3&#8243; css=&#8221;.vc_custom_1537246012087{padding-right: 15% !important;padding-left: 15% !important;}&#8221;][apress_heading sub_title=&#8221;&#8221; data_animation=&#8221;fadeIn&#8221; enable_delimiter=&#8221;&#8221; color_scheme=&#8221;color_scheme2&#8243; style=&#8221;heading_style1&#8243; title_font_options=&#8221;tag:h3|font_size:40|line_height:60|letter_spacing:0&#8243; subtitle_font_options=&#8221;tag:div|font_size:20|color:%23ffffff|line_height:30&#8243; title_responsive=&#8221;font_size_mobile:25|line_height_mobile:40&#8243;]Criativos Reais[\/apress_heading]<div class=\"ult-spacer spacer-69ddb0aac7910\" data-id=\"69ddb0aac7910\" data-height=\"30\" data-height-mobile=\"30\" data-height-tab=\"30\" data-height-tab-portrait=\"\" data-height-mobile-landscape=\"\" style=\"clear:both;display:block;\"><\/div>[apress_heading sub_title=&#8221;&#8221; data_animation=&#8221;fadeIn&#8221; enable_delimiter=&#8221;&#8221; color_scheme=&#8221;color_scheme2&#8243; style=&#8221;heading_style1&#8243; title_font_options=&#8221;tag:h3|font_size:20|line_height:30|letter_spacing:0&#8243; subtitle_font_options=&#8221;tag:div|font_size:20|color:%23ffffff|line_height:30&#8243; title_responsive=&#8221;font_size_mobile:18|line_height_mobile:30&#8243;]Nosso time interno dedicado de artistas, designers e desenvolvedores produzem criativos incr\u00edveis com foco principal em playables e outros an\u00fancios interativos mobile-first que convertem.[\/apress_heading]<div class=\"ult-spacer spacer-69ddb0aac7966\" data-id=\"69ddb0aac7966\" data-height=\"50\" data-height-mobile=\"50\" data-height-tab=\"50\" data-height-tab-portrait=\"\" data-height-mobile-landscape=\"\" style=\"clear:both;display:block;\"><\/div>[apress_button button_text=&#8221;Learn more&#8221; color_scheme=&#8221;primary_color_scheme&#8221; button_size=&#8221;large&#8221; button_alignment=&#8221;center&#8221; button_shadow=&#8221;&#8221; button_link=&#8221;url:%23intro|||&#8221;][\/vc_column][vc_column width=&#8221;1\/6&#8243;][\/vc_column][\/vc_row][vc_row el_id=&#8221;intro&#8221;][vc_column width=&#8221;1\/6&#8243;][\/vc_column][vc_column width=&#8221;2\/3&#8243; css=&#8221;.vc_custom_1536772269620{padding-top: 0px !important;padding-bottom: 0px !important;}&#8221;]<div class=\"ult-spacer spacer-69ddb0aac799c\" data-id=\"69ddb0aac799c\" data-height=\"50\" data-height-mobile=\"50\" data-height-tab=\"50\" data-height-tab-portrait=\"\" data-height-mobile-landscape=\"\" style=\"clear:both;display:block;\"><\/div>[apress_heading sub_title=&#8221;&#8221; data_animation=&#8221;fadeIn&#8221; enable_delimiter=&#8221;&#8221; color_scheme=&#8221;color_scheme1&#8243; style=&#8221;heading_style1&#8243; title_font_options=&#8221;tag:h3|font_size:20|line_height:30|letter_spacing:0&#8243; subtitle_font_options=&#8221;tag:div|font_size:20|color:%23ffffff|line_height:30&#8243; title_responsive=&#8221;font_size_mobile:25|line_height_mobile:40&#8243;]Nosso time de especialistas no AppLift Studio desenvolve pe\u00e7as criativas para anunciantes de apps mobile, com um foco na melhor performance de an\u00fancios playable e campanhas premium de engajamento program\u00e1tico.[\/apress_heading]<div class=\"ult-spacer spacer-69ddb0aac79cb\" data-id=\"69ddb0aac79cb\" data-height=\"50\" data-height-mobile=\"50\" data-height-tab=\"50\" data-height-tab-portrait=\"\" data-height-mobile-landscape=\"\" style=\"clear:both;display:block;\"><\/div>[\/vc_column][vc_column width=&#8221;1\/6&#8243;][\/vc_column][\/vc_row][vc_row][vc_column width=&#8221;1\/3&#8243; css=&#8221;.vc_custom_1536835905647{padding-top: 5% !important;padding-bottom: 5% !important;}&#8221;][apress_gradient_icon_box description=&#8221;&#8221; color_scheme=&#8221;gradient_scheme1&#8243; icon_family=&#8221;linea&#8221; icon_linea=&#8221;icon-music-play-button&#8221; gradient_icon_size=&#8221;60&#8243; style=&#8221;iconbox_style1&#8243; title_font_options=&#8221;tag:h2|font_size:20|line_height:30&#8243;]Playables Dinamicamente Otimizados[\/apress_gradient_icon_box][\/vc_column][vc_column width=&#8221;1\/3&#8243; css=&#8221;.vc_custom_1536835913819{padding-top: 5% !important;padding-bottom: 5% !important;}&#8221;][apress_gradient_icon_box description=&#8221;&#8221; color_scheme=&#8221;gradient_scheme1&#8243; icon_family=&#8221;linea&#8221; icon_linea=&#8221;icon-arrows-square-check&#8221; gradient_icon_size=&#8221;60&#8243; style=&#8221;iconbox_style1&#8243; title_font_options=&#8221;tag:h2|font_size:20|line_height:30&#8243;]Aumento na Taxa de Convers\u00e3o (CRs) e maior ROAS[\/apress_gradient_icon_box][\/vc_column][vc_column width=&#8221;1\/3&#8243; css=&#8221;.vc_custom_1536835921993{padding-top: 5% !important;padding-bottom: 5% !important;}&#8221;][apress_gradient_icon_box description=&#8221;&#8221; color_scheme=&#8221;gradient_scheme1&#8243; icon_family=&#8221;linea&#8221; icon_linea=&#8221;icon-ecommerce-graph-increase&#8221; gradient_icon_size=&#8221;60&#8243; style=&#8221;iconbox_style1&#8243; title_font_options=&#8221;tag:h2|font_size:20|line_height:30&#8243;]Relat\u00f3rios criativos compreens\u00edveis[\/apress_gradient_icon_box][\/vc_column][\/vc_row][vc_row][vc_column css=&#8221;.vc_custom_1536772288995{padding-top: 0px !important;padding-bottom: 0px !important;}&#8221;]<div class=\"ult-spacer spacer-69ddb0aac79f6\" data-id=\"69ddb0aac79f6\" data-height=\"40\" data-height-mobile=\"40\" data-height-tab=\"40\" data-height-tab-portrait=\"\" data-height-mobile-landscape=\"\" style=\"clear:both;display:block;\"><\/div>[\/vc_column][\/vc_row][vc_row full_width=&#8221;stretch_row&#8221; apress_enable_separator=&#8221;&#8221; apress_enable_row_overlay=&#8221;&#8221; css=&#8221;.vc_custom_1537164348592{background-color: #f0f0f1 !important;}&#8221;][vc_column width=&#8221;1\/6&#8243;][\/vc_column][vc_column width=&#8221;2\/3&#8243; css=&#8221;.vc_custom_1537182515231{padding-top: 0px !important;padding-bottom: 0px !important;}&#8221;]<div class=\"ult-spacer spacer-69ddb0aac7a1f\" data-id=\"69ddb0aac7a1f\" data-height=\"50\" data-height-mobile=\"50\" data-height-tab=\"50\" data-height-tab-portrait=\"\" data-height-mobile-landscape=\"\" style=\"clear:both;display:block;\"><\/div>[apress_heading sub_title=&#8221;&#8221; data_animation=&#8221;fadeIn&#8221; data_delay=&#8221;300&#8243; enable_delimiter=&#8221;&#8221; color_scheme=&#8221;color_scheme1&#8243; style=&#8221;heading_style1&#8243; title_font_options=&#8221;tag:h2|font_size:30|line_height:40|letter_spacing:0&#8243; subtitle_font_options=&#8221;tag:div|color:%23ffffff|letter_spacing:0&#8243; heading_margin=&#8221;margin-bottom:20&#8243; title_responsive=&#8221;font_size_mobile:35|line_height_mobile:50|letter_spacing_mobile:1&#8243;]Playable Ads &#8211; uma Solu\u00e7\u00e3o Poderosa[\/apress_heading]<div class=\"ult-spacer spacer-69ddb0aac7a47\" data-id=\"69ddb0aac7a47\" data-height=\"20\" data-height-mobile=\"20\" data-height-tab=\"20\" data-height-tab-portrait=\"\" data-height-mobile-landscape=\"\" style=\"clear:both;display:block;\"><\/div>[apress_heading sub_title=&#8221;&#8221; data_animation=&#8221;fadeIn&#8221; data_delay=&#8221;300&#8243; enable_delimiter=&#8221;&#8221; color_scheme=&#8221;color_scheme1&#8243; style=&#8221;heading_style1&#8243; title_font_options=&#8221;tag:h2|font_size:20|line_height:30|letter_spacing:0&#8243; subtitle_font_options=&#8221;tag:div|color:%23ffffff|letter_spacing:0&#8243; heading_margin=&#8221;margin-bottom:20&#8243; title_responsive=&#8221;font_size_mobile:18|line_height_mobile:30&#8243;]Ao criar an\u00fancios interativos e personalizar o conte\u00fado baseado em dados, esssa solu\u00e7\u00e3o \u00e9 feita para aumentar engajamento e o Retorno de Gasto em An\u00fanciso (ROAS), da aquisi\u00e7\u00e3o do usu\u00e1rio a esfor\u00e7os de retargeting. [\/apress_heading]<div class=\"ult-spacer spacer-69ddb0aac7a6e\" data-id=\"69ddb0aac7a6e\" data-height=\"65\" data-height-mobile=\"65\" data-height-tab=\"65\" data-height-tab-portrait=\"\" data-height-mobile-landscape=\"\" style=\"clear:both;display:block;\"><\/div>[\/vc_column][vc_column width=&#8221;1\/6&#8243;][\/vc_column][\/vc_row][vc_row equal_height=&#8221;yes&#8221; content_placement=&#8221;middle&#8221; css_animation=&#8221;fadeIn&#8221; disable_element=&#8221;yes&#8221;][vc_column width=&#8221;1\/2&#8243; css=&#8221;.vc_custom_1537165187779{padding-top: 0px !important;padding-right: 5% !important;padding-bottom: 0px !important;padding-left: 5% !important;}&#8221;][apress_gradient_icon_box description=&#8221;Playable Ads s\u00e3o formatos inovadores, interativos e com rich-media que permitem ao usu\u00e1rio testar o app em um formato opt-in antes de decidir fazer o download.&#8221; color_scheme=&#8221;gradient_scheme1&#8243; icon_family=&#8221;linea&#8221; icon_linea=&#8221;icon-music-play-button&#8221; gradient_icon_size=&#8221;60&#8243; style=&#8221;iconbox_style1&#8243; title_font_options=&#8221;tag:h2|font_size:20|line_height:30&#8243;]O que s\u00e3o Playable Ads?[\/apress_gradient_icon_box][\/vc_column][vc_column width=&#8221;1\/2&#8243; css=&#8221;.vc_custom_1536934550257{padding-right: 40px !important;padding-left: 40px !important;background-image: url(http:\/\/applift1.scgtesting.com\/wp-content\/uploads\/2018\/08\/iStock-646169170.jpg?id=1689) !important;background-position: center !important;background-repeat: no-repeat !important;background-size: cover !important;}&#8221;][apress_expanding_image image=&#8221;1683&#8243; img_size=&#8221;full&#8221; max_width=&#8221;100%&#8221;][\/vc_column][\/vc_row][vc_row full_width=&#8221;stretch_row_content_no_spaces&#8221; equal_height=&#8221;yes&#8221; content_placement=&#8221;middle&#8221; parallax_content=&#8221;parallax_content_value&#8221; fadeout_row=&#8221;fadeout_row_value&#8221; el_class=&#8221;advertisers-row&#8221;][vc_column css_animation=&#8221;fadeInRight&#8221; width=&#8221;1\/2&#8243; css=&#8221;.vc_custom_1537165180582{padding-top: 0px !important;padding-right: 10% !important;padding-bottom: 0px !important;padding-left: 10% !important;}&#8221;][apress_gradient_icon_box description=&#8221;Playable Ads s\u00e3o formatos inovadores, interativos e com rich-media que permitem ao usu\u00e1rio testar o app em um formato opt-in antes de decidir fazer o download.&#8221; color_scheme=&#8221;gradient_scheme1&#8243; icon_family=&#8221;linea&#8221; icon_linea=&#8221;icon-music-play-button&#8221; gradient_icon_size=&#8221;60&#8243; style=&#8221;iconbox_style1&#8243; title_font_options=&#8221;tag:h2|font_size:20|line_height:30&#8243; description_font_options=&#8221;font_size:20|line_height:30&#8243;]O que s\u00e3o Playable Ads?[\/apress_gradient_icon_box][\/vc_column][vc_column css_animation=&#8221;fadeInLeft&#8221; width=&#8221;1\/2&#8243; css=&#8221;.vc_custom_1537164002991{padding-top: 0px !important;padding-bottom: 0px !important;background-position: center !important;background-repeat: no-repeat !important;background-size: cover !important;}&#8221;][apress_expanding_image image=&#8221;1683&#8243; img_size=&#8221;full&#8221; max_width=&#8221;100%&#8221;][\/vc_column][\/vc_row][vc_row full_width=&#8221;stretch_row_content_no_spaces&#8221; equal_height=&#8221;yes&#8221; content_placement=&#8221;middle&#8221; parallax_content=&#8221;parallax_content_value&#8221; fadeout_row=&#8221;fadeout_row_value&#8221; el_class=&#8221;advertisers-row&#8221; css=&#8221;.vc_custom_1537164395207{background-color: #f0f0f1 !important;}&#8221;][vc_column css_animation=&#8221;fadeInRight&#8221; width=&#8221;1\/2&#8243; css=&#8221;.vc_custom_1537164702187{padding-top: 0px !important;padding-bottom: 0px !important;}&#8221; offset=&#8221;vc_hidden-xs&#8221;][apress_expanding_image image=&#8221;1661&#8243; img_size=&#8221;full&#8221; max_width=&#8221;100%&#8221;][\/vc_column][vc_column css_animation=&#8221;fadeInLeft&#8221; width=&#8221;1\/2&#8243; css=&#8221;.vc_custom_1537165174654{padding-top: 0px !important;padding-right: 10% !important;padding-bottom: 0px !important;padding-left: 10% !important;background-position: center !important;background-repeat: no-repeat !important;background-size: cover !important;}&#8221; offset=&#8221;vc_hidden-xs&#8221;][apress_gradient_icon_box description=&#8221;Cative seus usu\u00e1rios com uma experi\u00eancia de an\u00fancio imersiva e agrad\u00e1vel e conecte-se a eles usando engajamento emocional.&#8221; color_scheme=&#8221;gradient_scheme1&#8243; icon_family=&#8221;linea&#8221; gradient_icon_size=&#8221;60&#8243; style=&#8221;iconbox_style1&#8243; title_font_options=&#8221;tag:h2|font_size:20|line_height:30&#8243; description_font_options=&#8221;font_size:20|line_height:30&#8243;]Engaje seus usu\u00e1rios[\/apress_gradient_icon_box][\/vc_column][\/vc_row][vc_row full_width=&#8221;stretch_row_content_no_spaces&#8221; equal_height=&#8221;yes&#8221; content_placement=&#8221;middle&#8221; parallax_content=&#8221;parallax_content_value&#8221; fadeout_row=&#8221;fadeout_row_value&#8221; el_class=&#8221;advertisers-row&#8221; css=&#8221;.vc_custom_1537164395207{background-color: #f0f0f1 !important;}&#8221;][vc_column css_animation=&#8221;fadeInLeft&#8221; width=&#8221;1\/2&#8243; css=&#8221;.vc_custom_1537165167951{padding-top: 0px !important;padding-right: 10% !important;padding-bottom: 0px !important;padding-left: 10% !important;background-position: center !important;background-repeat: no-repeat !important;background-size: cover !important;}&#8221; offset=&#8221;vc_hidden-lg vc_hidden-md vc_hidden-sm&#8221;][apress_gradient_icon_box description=&#8221;Cative seus usu\u00e1rios com uma experi\u00eancia de an\u00fancio imersiva e agrad\u00e1vel e conecte-se a eles usando engajamento emocional.&#8221; color_scheme=&#8221;gradient_scheme1&#8243; icon_family=&#8221;linea&#8221; gradient_icon_size=&#8221;60&#8243; style=&#8221;iconbox_style1&#8243; title_font_options=&#8221;tag:h2|font_size:20|line_height:30&#8243; description_font_options=&#8221;font_size:20|line_height:30&#8243;]Engaje seus usu\u00e1rios[\/apress_gradient_icon_box][\/vc_column][vc_column css_animation=&#8221;fadeInRight&#8221; width=&#8221;1\/2&#8243; css=&#8221;.vc_custom_1537164690326{padding-top: 0px !important;padding-bottom: 0px !important;}&#8221; offset=&#8221;vc_hidden-lg vc_hidden-md vc_hidden-sm&#8221;][apress_expanding_image image=&#8221;1661&#8243; img_size=&#8221;full&#8221; max_width=&#8221;100%&#8221;][\/vc_column][\/vc_row][vc_row full_width=&#8221;stretch_row_content_no_spaces&#8221; equal_height=&#8221;yes&#8221; content_placement=&#8221;middle&#8221; parallax_content=&#8221;parallax_content_value&#8221; fadeout_row=&#8221;fadeout_row_value&#8221; el_class=&#8221;advertisers-row&#8221;][vc_column css_animation=&#8221;fadeInRight&#8221; width=&#8221;1\/2&#8243; css=&#8221;.vc_custom_1537165161117{padding-top: 0px !important;padding-right: 10% !important;padding-bottom: 0px !important;padding-left: 10% !important;}&#8221;][apress_gradient_icon_box description=&#8221;Deixe os usu\u00e1rios testar o app antes de instalar. Aproveite os CTRs, CRs e LTVs maiores em compara\u00e7\u00e3o com an\u00fancios est\u00e1ticos\/intersticiais e maior ROAS.&#8221; color_scheme=&#8221;gradient_scheme1&#8243; icon_family=&#8221;linea&#8221; icon_linea=&#8221;icon-ecommerce-graph-increase&#8221; gradient_icon_size=&#8221;60&#8243; style=&#8221;iconbox_style1&#8243; title_font_options=&#8221;tag:h2|font_size:20|line_height:30&#8243; description_font_options=&#8221;font_size:20|line_height:30&#8243;]Aumente o ROAS[\/apress_gradient_icon_box][\/vc_column][vc_column css_animation=&#8221;fadeInLeft&#8221; width=&#8221;1\/2&#8243; css=&#8221;.vc_custom_1537164002991{padding-top: 0px !important;padding-bottom: 0px !important;background-position: center !important;background-repeat: no-repeat !important;background-size: cover !important;}&#8221;][apress_expanding_image image=&#8221;1660&#8243; img_size=&#8221;full&#8221; max_width=&#8221;100%&#8221;][\/vc_column][\/vc_row][vc_row full_width=&#8221;stretch_row_content_no_spaces&#8221; equal_height=&#8221;yes&#8221; content_placement=&#8221;middle&#8221; parallax_content=&#8221;parallax_content_value&#8221; fadeout_row=&#8221;fadeout_row_value&#8221; el_class=&#8221;advertisers-row&#8221; css=&#8221;.vc_custom_1537164405355{background-color: #f0f0f1 !important;}&#8221;][vc_column css_animation=&#8221;fadeInRight&#8221; width=&#8221;1\/2&#8243; css=&#8221;.vc_custom_1537164732568{padding-top: 0px !important;padding-bottom: 0px !important;}&#8221; offset=&#8221;vc_hidden-xs&#8221;][apress_expanding_image image=&#8221;1685&#8243; img_size=&#8221;full&#8221; max_width=&#8221;100%&#8221;][\/vc_column][vc_column css_animation=&#8221;fadeInLeft&#8221; width=&#8221;1\/2&#8243; css=&#8221;.vc_custom_1537165154547{padding-top: 0px !important;padding-right: 10% !important;padding-bottom: 0px !important;padding-left: 10% !important;background-position: center !important;background-repeat: no-repeat !important;background-size: cover !important;}&#8221; offset=&#8221;vc_hidden-xs&#8221;][apress_gradient_icon_box description=&#8221;Rastreie cada aspecto da intera\u00e7\u00e3o do usu\u00e1rio com o an\u00fancio e influencie-o para criar a melhor vers\u00e3o que converte do seu an\u00fancio interativo.&#8221; color_scheme=&#8221;gradient_scheme1&#8243; icon_family=&#8221;linea&#8221; icon_linea=&#8221;icon-arrows-fit-horizontal&#8221; gradient_icon_size=&#8221;60&#8243; style=&#8221;iconbox_style1&#8243; title_font_options=&#8221;tag:h2|font_size:20|line_height:30&#8243; description_font_options=&#8221;font_size:20|line_height:30&#8243;]Me\u00e7a e Repita[\/apress_gradient_icon_box][\/vc_column][\/vc_row][vc_row full_width=&#8221;stretch_row_content_no_spaces&#8221; equal_height=&#8221;yes&#8221; content_placement=&#8221;middle&#8221; parallax_content=&#8221;parallax_content_value&#8221; fadeout_row=&#8221;fadeout_row_value&#8221; el_class=&#8221;advertisers-row&#8221; css=&#8221;.vc_custom_1537164405355{background-color: #f0f0f1 !important;}&#8221;][vc_column css_animation=&#8221;fadeInLeft&#8221; width=&#8221;1\/2&#8243; css=&#8221;.vc_custom_1537165142751{padding-top: 0px !important;padding-right: 10% !important;padding-bottom: 0px !important;padding-left: 10% !important;background-position: center !important;background-repeat: no-repeat !important;background-size: cover !important;}&#8221; offset=&#8221;vc_hidden-lg vc_hidden-md vc_hidden-sm&#8221;][apress_gradient_icon_box description=&#8221;Rastreie cada aspecto da intera\u00e7\u00e3o do usu\u00e1rio com o an\u00fancio e influencie-o para criar a melhor vers\u00e3o que converte do seu an\u00fancio interativo.&#8221; color_scheme=&#8221;gradient_scheme1&#8243; icon_family=&#8221;linea&#8221; icon_linea=&#8221;icon-arrows-fit-horizontal&#8221; gradient_icon_size=&#8221;60&#8243; style=&#8221;iconbox_style1&#8243; title_font_options=&#8221;tag:h2|font_size:20|line_height:30&#8243; description_font_options=&#8221;font_size:20|line_height:30&#8243;]Me\u00e7a e Repita[\/apress_gradient_icon_box][\/vc_column][vc_column css_animation=&#8221;fadeInRight&#8221; width=&#8221;1\/2&#8243; css=&#8221;.vc_custom_1537164720787{padding-top: 0px !important;padding-bottom: 0px !important;}&#8221; offset=&#8221;vc_hidden-lg vc_hidden-md vc_hidden-sm&#8221;][apress_expanding_image image=&#8221;1685&#8243; img_size=&#8221;full&#8221; max_width=&#8221;100%&#8221;][\/vc_column][\/vc_row][vc_row full_width=&#8221;stretch_row&#8221; apress_enable_separator=&#8221;&#8221; apress_enable_row_overlay=&#8221;&#8221; css=&#8221;.vc_custom_1536977555320{padding-top: 0px !important;padding-bottom: 0px !important;background-color: #1b1b1a !important;background-position: center !important;background-repeat: no-repeat !important;background-size: cover !important;}&#8221; el_class=&#8221;footer-cta&#8221;][vc_column width=&#8221;1\/6&#8243; css=&#8221;.vc_custom_1516972525789{margin-bottom: 0px !important;padding-bottom: 0px !important;}&#8221;][\/vc_column][vc_column width=&#8221;2\/3&#8243; css=&#8221;.vc_custom_1536976608835{padding-top: 0px !important;padding-bottom: 0px !important;}&#8221;]<div class=\"ult-spacer spacer-69ddb0aac7a8c\" data-id=\"69ddb0aac7a8c\" data-height=\"60\" data-height-mobile=\"60\" data-height-tab=\"60\" data-height-tab-portrait=\"\" data-height-mobile-landscape=\"\" style=\"clear:both;display:block;\"><\/div>[apress_heading sub_title=&#8221;Every user has their own journey. Let&#8217;s discover it.&#8221; data_animation=&#8221;fadeIn&#8221; data_delay=&#8221;300&#8243; enable_delimiter=&#8221;&#8221; color_scheme=&#8221;design_your_own&#8221; main_heading_color=&#8221;#ffffff&#8221; style=&#8221;heading_style1&#8243; title_font_options=&#8221;tag:h2|font_size:40|line_height:60|letter_spacing:0&#8243; subtitle_font_options=&#8221;tag:div|font_size:20|color:%23ffffff|line_height:30|letter_spacing:0&#8243; heading_margin=&#8221;margin-bottom:20&#8243; subheading_margin=&#8221;margin-bottom:20&#8243; title_responsive=&#8221;font_size_mobile:35|line_height_mobile:50|letter_spacing_mobile:1&#8243;][\/apress_heading]<div class=\"ult-spacer spacer-69ddb0aac7aaa\" data-id=\"69ddb0aac7aaa\" data-height=\"30\" data-height-mobile=\"30\" data-height-tab=\"30\" data-height-tab-portrait=\"\" data-height-mobile-landscape=\"\" style=\"clear:both;display:block;\"><\/div>[apress_button button_text=&#8221;Get started&#8221; color_scheme=&#8221;primary_color_scheme&#8221; button_size=&#8221;large&#8221; button_alignment=&#8221;center&#8221; button_shadow=&#8221;&#8221; data_animation=&#8221;fadeIn&#8221; data_delay=&#8221;0&#8243; button_link=&#8221;url:https%3A%2F%2Fwww.applift.com%2Fcontact|||&#8221;][\/vc_column][vc_column width=&#8221;1\/6&#8243;][\/vc_column][\/vc_row]<\/p>\n<\/section>","protected":false},"excerpt":{"rendered":"<p>[vc_row full_width=&#8221;stretch_row_content_no_spaces&#8221; full_height=&#8221;yes&#8221; equal_height=&#8221;yes&#8221; apress_enable_separator=&#8221;&#8221; apress_enable_row_overlay=&#8221;yes&#8221; apress_row_overlay_color=&#8221;rgba(0,0,0,0.7)&#8221; bg_type=&#8221;image&#8221; parallax_style=&#8221;vcpb-vz-jquery&#8221; bg_image_new=&#8221;id^10664|url^http:\/\/applift.sohocreative.eu\/wp-content\/uploads\/2018\/08\/iStock-539442886.jpg|caption^null|alt^null|title^iStock-539442886|description^null&#8221; css=&#8221;.vc_custom_1538456355368{background-color: #eaeaea !important;background-position: center !important;background-repeat: no-repeat !important;background-size: cover !important;}&#8221;][vc_column parallax=&#8221;content-moving&#8221; css_animation=&#8221;none&#8221; width=&#8221;1\/6&#8243; apress_parallax_type=&#8221;foreground&#8221; apress_parallax_speed=&#8221;2&#8243;][\/vc_column][vc_column width=&#8221;2\/3&#8243; css=&#8221;.vc_custom_1537246012087{padding-right: 15% !important;padding-left: 15% !important;}&#8221;][apress_heading sub_title=&#8221;&#8221; data_animation=&#8221;fadeIn&#8221; enable_delimiter=&#8221;&#8221; color_scheme=&#8221;color_scheme2&#8243; style=&#8221;heading_style1&#8243; title_font_options=&#8221;tag:h3|font_size:40|line_height:60|letter_spacing:0&#8243; subtitle_font_options=&#8221;tag:div|font_size:20|color:%23ffffff|line_height:30&#8243; title_responsive=&#8221;font_size_mobile:25|line_height_mobile:40&#8243;]Criativos Reais[\/apress_heading][apress_heading sub_title=&#8221;&#8221;<span class=\"read_more_area\"><a class=\"read-more\" href=\"http:\/\/applift.sohocreative.eu\/pt-br\/solutions\/estudio-criativo\"> Continue Reading <\/a><\/span><\/p>\n","protected":false},"author":1,"featured_media":0,"parent":12719,"menu_order":0,"comment_status":"closed","ping_status":"closed","template":"","meta":{"_monsterinsights_skip_tracking":false,"_monsterinsights_sitenote_active":false,"_monsterinsights_sitenote_note":"","_monsterinsights_sitenote_category":0,"footnotes":""},"class_list":["post-12713","page","type-page","status-publish","hentry"],"_links":{"self":[{"href":"http:\/\/applift.sohocreative.eu\/pt-br\/wp-json\/wp\/v2\/pages\/12713","targetHints":{"allow":["GET"]}}],"collection":[{"href":"http:\/\/applift.sohocreative.eu\/pt-br\/wp-json\/wp\/v2\/pages"}],"about":[{"href":"http:\/\/applift.sohocreative.eu\/pt-br\/wp-json\/wp\/v2\/types\/page"}],"author":[{"embeddable":true,"href":"http:\/\/applift.sohocreative.eu\/pt-br\/wp-json\/wp\/v2\/users\/1"}],"replies":[{"embeddable":true,"href":"http:\/\/applift.sohocreative.eu\/pt-br\/wp-json\/wp\/v2\/comments?post=12713"}],"version-history":[{"count":0,"href":"http:\/\/applift.sohocreative.eu\/pt-br\/wp-json\/wp\/v2\/pages\/12713\/revisions"}],"up":[{"embeddable":true,"href":"http:\/\/applift.sohocreative.eu\/pt-br\/wp-json\/wp\/v2\/pages\/12719"}],"wp:attachment":[{"href":"http:\/\/applift.sohocreative.eu\/pt-br\/wp-json\/wp\/v2\/media?parent=12713"}],"curies":[{"name":"wp","href":"https:\/\/api.w.org\/{rel}","templated":true}]}}